{"id":143,"date":"2020-11-25T13:11:46","date_gmt":"2020-11-25T13:11:46","guid":{"rendered":"https:\/\/friedenstische.mur.at\/?page_id=143"},"modified":"2021-07-26T16:21:34","modified_gmt":"2021-07-26T16:21:34","slug":"bertha-von-suttner-platz","status":"publish","type":"page","link":"https:\/\/friedenstische.mur.at\/index.php\/bertha-von-suttner-platz\/","title":{"rendered":"DER BERTHA-VON-SUTTNER-PLATZ"},"content":{"rendered":"\n<div class=\"wp-container-1 wp-block-group has-background\" style=\"background-color:#e50003\"><div class=\"wp-block-group__inner-container\">\n<p class=\"has-text-align-right has-white-background-color has-background has-large-font-size\">\u2026 ein Ort des Friedens<\/p>\n\n\n\n<div id=\"wp-block-themeisle-blocks-slider-49bd6544\" class=\"wp-block-themeisle-blocks-slider glide\" data-per-view=\"1\" data-gap=\"0\" data-peek=\"0\" data-autoplay=\"true\" data-height=\"400px\" data-hide-arrows=\"false\"><div class=\"glide__track\" data-glide-el=\"track\"><div class=\"glide__slides\"><div class=\"wp-block-themeisle-blocks-slider-item-wrapper glide__slide\" tabindex=\"0\"><figure><img class=\"wp-block-themeisle-blocks-slider-item\" src=\"https:\/\/friedenstische.mur.at\/wp-content\/uploads\/2021\/03\/MG_9633_wN-1.jpg\" alt=\"\" title=\"\" data-id=\"430\"\/><\/figure><\/div><div class=\"wp-block-themeisle-blocks-slider-item-wrapper glide__slide\" tabindex=\"0\"><figure><img class=\"wp-block-themeisle-blocks-slider-item\" src=\"https:\/\/friedenstische.mur.at\/wp-content\/uploads\/2021\/03\/MG_9652_wN.jpg\" alt=\"\" title=\"\" data-id=\"428\"\/><\/figure><\/div><div class=\"wp-block-themeisle-blocks-slider-item-wrapper glide__slide\" tabindex=\"0\"><figure><img class=\"wp-block-themeisle-blocks-slider-item\" src=\"https:\/\/friedenstische.mur.at\/wp-content\/uploads\/2021\/02\/Lageplan_BvSPlatz-768x543-1.jpg\" alt=\"\" title=\"\" data-id=\"318\"\/><\/figure><\/div><\/div><div class=\"glide__bullets\" data-glide-el=\"controls[nav]\"><button class=\"glide__bullet\" data-glide-dir=\"=0\"><\/button><button class=\"glide__bullet\" data-glide-dir=\"=1\"><\/button><button class=\"glide__bullet\" data-glide-dir=\"=2\"><\/button><\/div><\/div><\/div>\n\n\n\n<p class=\"has-white-color has-text-color has-background\" style=\"background-color:#a200a3\">Neugestaltet und in einer neuen Themensetzung: Der Platz, der an der Stadteinfahrt im Osten von Graz liegt, hei\u00dft seit dem einstimmigen Gemeinderatsbeschluss vom 26. M\u00e4rz 2015 nach Bertha von Suttner. Sie war \u00f6sterreichische Pazifistin, die wesentliche Mitbegr\u00fcnderin der Friedensbewegung und Friedensnobelpreistr\u00e4gerin.<\/p>\n\n\n\n<p class=\"has-white-color has-text-color has-background\" style=\"background-color:#a200a3\">Dieser Ort ist nicht der Einzige nach ihr benannte in Graz: Die Bertha-von-Suttner-Friedensbr\u00fccke (ehemals Schlachthausbr\u00fccke), sowie der Suttnerweg verweisen auf diese au\u00dfergew\u00f6hnliche Frau. Sowohl der Bertha-von-Suttner-Platz als auch die Bertha-von-Suttner-Friedensbr\u00fccke haben eine \u00e4hnliche Entstehungsgeschichte. Beide fanden ihre Benennung durch Initiativen, die andere Orte im Fokus hatten: So wollte urspr\u00fcnglich eine Gruppe den Kriegssteig am Schlo\u00dfberg in Friedenssteig umbenennen. Da eine solche Umbenennung aber keine Mehrheit finden konnte, wurde als Ausgleich die Schlachthausbr\u00fccke umbenannt. Eine andere Gruppe wollte 2014 \u2013 anl\u00e4\u00dflich des 100sten Jahrestages des 1. Weltkrieges \u2013 die Conrad-von-H\u00f6tzendorf-Stra\u00dfe umbenennen (Franz Conrad von H\u00f6tzendorf war wesentlich f\u00fcr den Weg in den Ersten Weltkrieg und die brutale Kriegsf\u00fchrung und \u00dcbergriffe gegen\u00fcber Zivilist_innen mitverantwortlich.) umbenannt wurde der schlie\u00dflich s\u00fcdlichste Teil dieser Stra\u00dfe, die Umkehrschleife beim Stadionplatz.<\/p>\n\n\n\n<p class=\"has-white-color has-text-color has-background\" style=\"background-color:#a200a3\">Dieser neugeschaffene Platz wurde von Arch. c\/o GROSZSTADT gemeinsam mit DI Waltraud K\u00f6rndl gestaltet; ebenso der Stadionplatz, der nur durch die breite Einfahrtsstra\u00dfe vom Bertha-von-Suttner-Platz getrennt ist. Die geografische Lage dieser Pl\u00e4tze ist eine Herausforderung f\u00fcr die Namensgebung, denn die beiden geh\u00f6ren zusammen. Was bedeutet es nun, einen Platz, der dem Frieden \u201egeh\u00f6rt\u201c, neben einem Stadionplatz zu haben? Vielleicht nicht viel, denn ein Platz ist ein Platz ist ein Platz. Der ist da, um im Schatten sitzen zu k\u00f6nnen, etwas zu spielen, sich \u00fcber das Wirken von Bertha von Suttner zu informieren, vielleicht \u2013 wenn Bauernmarkt ist \u2013 einzukaufen, oder sich beim Brunnen abzuk\u00fchlen, einander zu begegnen. Dies alles ist auf diesem Platz m\u00f6glich. Dass der Platz nach einer Friedensnobelpreistr\u00e4gerin benannt ist, gibt dem Ort eine Bedeutung, die er vorher nicht hatte. Einerseits w\u00fcrdigt die Stadt eine herausragende Frau (es gibt eine kleine Gruppe an Frauen, die ebensolche W\u00fcrdigung in Graz erfuhren) und andererseits zeigt die Stadt Graz dadurch bewu\u00dft und \u00f6ffentlich ihre Verantwortung, die sie in Bezug auf Friedensaufrechterhaltung hat. <\/p>\n\n\n\n<p class=\"has-white-color has-text-color has-background\" style=\"background-color:#a200a3\">Wir k\u00f6nnen Frieden nur gemeinsam erschaffen und behalten. Auf den ersten Blick ist es nicht wichtig, wie ein Ort hei\u00dft, aber der Name tut etwas mit uns\u2026<\/p>\n\n\n\n<p class=\"has-white-background-color has-background has-small-font-size\">nicole pruckermayr, Dezember 2020<\/p>\n<\/div><\/div>\n\n\n\n<p><\/p>\n","protected":false},"excerpt":{"rendered":"<p>\u2026 ein Ort des Friedens Neugestaltet und in einer neuen Themensetzung: Der Platz, der an der Stadteinfahrt im Osten von Graz liegt, hei\u00dft seit dem einstimmigen Gemeinderatsbeschluss vom 26. M\u00e4rz 2015 nach Bertha von Suttner. Sie war \u00f6sterreichische Pazifistin, die wesentliche Mitbegr\u00fcnderin der Friedensbewegung und Friedensnobelpreistr\u00e4gerin. Dieser Ort ist nicht der Einzige nach ihr benannte &hellip; <\/p>\n<p class=\"link-more\"><a href=\"https:\/\/friedenstische.mur.at\/index.php\/bertha-von-suttner-platz\/\" class=\"more-link\">Continue reading<span class=\"screen-reader-text\"> &#8222;DER BERTHA-VON-SUTTNER-PLATZ&#8220;<\/span><\/a><\/p>\n","protected":false},"author":1,"featured_media":0,"parent":0,"menu_order":0,"comment_status":"closed","ping_status":"closed","template":"","meta":{"_themeisle_gutenberg_block_has_review":false},"_links":{"self":[{"href":"https:\/\/friedenstische.mur.at\/index.php\/wp-json\/wp\/v2\/pages\/143"}],"collection":[{"href":"https:\/\/friedenstische.mur.at\/index.php\/wp-json\/wp\/v2\/pages"}],"about":[{"href":"https:\/\/friedenstische.mur.at\/index.php\/wp-json\/wp\/v2\/types\/page"}],"author":[{"embeddable":true,"href":"https:\/\/friedenstische.mur.at\/index.php\/wp-json\/wp\/v2\/users\/1"}],"replies":[{"embeddable":true,"href":"https:\/\/friedenstische.mur.at\/index.php\/wp-json\/wp\/v2\/comments?post=143"}],"version-history":[{"count":34,"href":"https:\/\/friedenstische.mur.at\/index.php\/wp-json\/wp\/v2\/pages\/143\/revisions"}],"predecessor-version":[{"id":599,"href":"https:\/\/friedenstische.mur.at\/index.php\/wp-json\/wp\/v2\/pages\/143\/revisions\/599"}],"wp:attachment":[{"href":"https:\/\/friedenstische.mur.at\/index.php\/wp-json\/wp\/v2\/media?parent=143"}],"curies":[{"name":"wp","href":"https:\/\/api.w.org\/{rel}","templated":true}]}}