{"id":258,"date":"2020-12-11T17:12:56","date_gmt":"2020-12-11T17:12:56","guid":{"rendered":"https:\/\/friedenstische.mur.at\/?page_id=258"},"modified":"2022-05-31T11:40:54","modified_gmt":"2022-05-31T11:40:54","slug":"about","status":"publish","type":"page","link":"https:\/\/friedenstische.mur.at\/index.php\/about\/","title":{"rendered":"UNSER PROJEKT"},"content":{"rendered":"\n<div class=\"wp-container-5 wp-block-group\"><div class=\"wp-block-group__inner-container\">\n<div class=\"wp-container-4 wp-block-group\"><div class=\"wp-block-group__inner-container\">\n<div class=\"wp-block-themeisle-blocks-advanced-columns has-1-columns has-desktop-equal-layout has-tablet-equal-layout has-mobile-equal-layout has-nogap-gap has-vertical-flex-start\" id=\"wp-block-themeisle-blocks-advanced-columns-d3fa7d5f\"><div class=\"wp-block-themeisle-blocks-advanced-columns-overlay\"><\/div><div class=\"innerblocks-wrap\">\n<div class=\"wp-block-themeisle-blocks-advanced-column\" id=\"wp-block-themeisle-blocks-advanced-column-1727129b\">\n<div class=\"wp-container-3 wp-block-group has-background\" style=\"background-color:#e50003\"><div class=\"wp-block-group__inner-container\">\n<div class=\"wp-container-2 wp-block-columns\">\n<div class=\"wp-container-1 wp-block-column\" style=\"flex-basis:100%\">\n<p class=\"has-text-align-left has-white-color has-text-color has-background\" style=\"background-color:#a200a3\">Kinder zwischen 8 und 10 Jahren entwickeln in verschiedenen Workshops mit K\u00fcnstler_innen, Architekt_innen, Sozialarbeiter_innen und Kinderrechte-Expert_innen gro\u00dfformatige Zeichnungen f\u00fcr den Bertha-von-Suttner-Platz. Der neugestaltete Platz beim Liebenauer Stadion steht thematisch ganz im Zeichen von Frieden. Bertha von Suttner, die erste weibliche Friedensnobelpreistr\u00e4gerin steht quasi Patin f\u00fcr dieses Projekt, welches den konkreten Stadtraum in seiner Funktion als lebensfreundlichen und friedlichen Freiraum f\u00fcr Anwohner_innen jeglichen Alters im Auge hat. Aufenthalts- und Freizeitorte f\u00fcr Kinder im urbanen Umfeld sind rar und oft segrigiert.<\/p>\n<\/div>\n<\/div>\n\n\n\n<p class=\"has-text-align-left has-white-color has-text-color has-background\" style=\"background-color:#a200a3\">Das Stadtteilzentrum, die Architekturvermittlerin Maria Fanta, die K\u00fcnstlerin Nicole Pruckermayr und&nbsp; das <em>Kinderb\u00fcro \u2013 Die Lobby f\u00fcr Menschen bis 14<\/em> arbeiten im Vorfeld mit den Kindern. Die Zeichnungen, die sich schlussendlich in den Platz einschreiben, werden von den Kunstschaffenden Johanna Regger, Isa Riedl, Edda Strobl und studio ASYNCHROME gemeinsam mit Kindern der Volksschule Sch\u00f6nau erarbeitet.<\/p>\n\n\n\n<p class=\"has-black-color has-white-background-color has-text-color has-background has-small-font-size\">FRIEDENSTISCHE ZEICHNEN ist ein Projekt der K\u00fcnstlerin Nicole Pruckermayr und Teil von <em>Graz Kulturjahr 2020<\/em>.<\/p>\n\n\n\n<p class=\"has-black-color has-white-background-color has-text-color has-background has-small-font-size\">Titelbild: (c) Edda Strobl<\/p>\n<\/div><\/div>\n<\/div>\n<\/div><\/div>\n\n\n\n<p>Dank an: die VS Sch\u00f6nau, an die Malervereinigung, an die Stadtbaudirektion, an das Stadtplanungsamt und das Kulturamt Graz, Holding Graz<\/p>\n<\/div><\/div>\n<\/div><\/div>\n\n\n\n<div class=\"wp-container-6 wp-block-group\"><div class=\"wp-block-group__inner-container\">\n<p class=\"has-black-color has-white-background-color has-text-color has-background has-small-font-size\">Vielen Dank an die F\u00f6rdergeber_innen:<\/p>\n\n\n\n<div class=\"wp-block-image\"><figure class=\"alignleft size-large is-resized\"><img loading=\"lazy\" src=\"https:\/\/friedenstische.mur.at\/wp-content\/uploads\/2020\/09\/Graz_Kulturjahr_2020_Logo_RGB-1024x845.png\" alt=\"\" class=\"wp-image-72\" width=\"132\" height=\"109\"\/><\/figure><\/div>\n\n\n\n<div class=\"wp-block-image\"><figure class=\"alignleft size-large is-resized\"><img loading=\"lazy\" src=\"https:\/\/friedenstische.mur.at\/wp-content\/uploads\/2020\/11\/A9_Kultur_Europa_Sport-2-1024x658.png\" alt=\"\" class=\"wp-image-124\" width=\"128\" height=\"82\"\/><\/figure><\/div>\n<\/div><\/div>\n","protected":false},"excerpt":{"rendered":"<p>Dank an: die VS Sch\u00f6nau, an die Malervereinigung, an die Stadtbaudirektion, an das Stadtplanungsamt und das Kulturamt Graz, Holding Graz<\/p>\n","protected":false},"author":1,"featured_media":0,"parent":0,"menu_order":0,"comment_status":"closed","ping_status":"closed","template":"","meta":{"_themeisle_gutenberg_block_has_review":false},"_links":{"self":[{"href":"https:\/\/friedenstische.mur.at\/index.php\/wp-json\/wp\/v2\/pages\/258"}],"collection":[{"href":"https:\/\/friedenstische.mur.at\/index.php\/wp-json\/wp\/v2\/pages"}],"about":[{"href":"https:\/\/friedenstische.mur.at\/index.php\/wp-json\/wp\/v2\/types\/page"}],"author":[{"embeddable":true,"href":"https:\/\/friedenstische.mur.at\/index.php\/wp-json\/wp\/v2\/users\/1"}],"replies":[{"embeddable":true,"href":"https:\/\/friedenstische.mur.at\/index.php\/wp-json\/wp\/v2\/comments?post=258"}],"version-history":[{"count":22,"href":"https:\/\/friedenstische.mur.at\/index.php\/wp-json\/wp\/v2\/pages\/258\/revisions"}],"predecessor-version":[{"id":602,"href":"https:\/\/friedenstische.mur.at\/index.php\/wp-json\/wp\/v2\/pages\/258\/revisions\/602"}],"wp:attachment":[{"href":"https:\/\/friedenstische.mur.at\/index.php\/wp-json\/wp\/v2\/media?parent=258"}],"curies":[{"name":"wp","href":"https:\/\/api.w.org\/{rel}","templated":true}]}}