{"id":436,"date":"2021-04-12T07:43:12","date_gmt":"2021-04-12T07:43:12","guid":{"rendered":"https:\/\/friedenstische.mur.at\/?page_id=436"},"modified":"2021-04-12T08:08:06","modified_gmt":"2021-04-12T08:08:06","slug":"produktionsprozess","status":"publish","type":"page","link":"https:\/\/friedenstische.mur.at\/index.php\/produktionsprozess\/","title":{"rendered":"DER erste PRODUKTIONSPROZESS"},"content":{"rendered":"\n<div class=\"wp-block-themeisle-blocks-advanced-columns has-1-columns has-desktop-equal-layout has-tablet-equal-layout has-mobile-equal-layout has-default-gap has-vertical-unset\" id=\"wp-block-themeisle-blocks-advanced-columns-855ea20c\"><div class=\"wp-block-themeisle-blocks-advanced-columns-overlay\"><\/div><div class=\"innerblocks-wrap\">\n<div class=\"wp-block-themeisle-blocks-advanced-column\" id=\"wp-block-themeisle-blocks-advanced-column-eab6be51\">\n<div class=\"wp-container-1 wp-block-group\"><div class=\"wp-block-group__inner-container\">\n<p class=\"has-black-color has-white-background-color has-text-color has-background\"><strong>Bedingt durch ein distanzierteres Zusammenarbeiten zwischen den Kindern der Schule und den K\u00fcnstlerInnen \u2013 denn: das direkte Zusammenarbeiten an den Tischen ist derzeit und in absehbarer Zeit nicht m\u00f6glich \u2013 entstand folgende Idee:<\/strong><\/p>\n<\/div><\/div>\n\n\n\n<p class=\"has-white-color has-text-color\">Die K\u00fcnstlerInnen formulierten Fragen, Zeichnungen und Briefe an die Kinder um eine Basis f\u00fcr ihre Zeichnungen und eine Interaktion mit den Kindern auf den Tischen zu haben.<\/p>\n\n\n\n<p class=\"has-white-color has-text-color\">An einem Aktionstag im M\u00e4rz 2021 besch\u00e4ftigten sich einzelne Klassen der VS Sch\u00f6nau mit diesen Fragestellungen rund um das Thema Frieden.<\/p>\n\n\n\n<p class=\"has-black-color has-white-background-color has-text-color has-background\"><strong>Einige Ergebnisse und Eindr\u00fccke vom Aktionstag an der VS Sch\u00f6nau:<\/strong><\/p>\n\n\n\n<figure class=\"wp-block-image size-large\"><img loading=\"lazy\" width=\"1000\" height=\"576\" src=\"https:\/\/friedenstische.mur.at\/wp-content\/uploads\/2021\/04\/Friedensbruecke_1.jpg\" alt=\"\" class=\"wp-image-437\" srcset=\"https:\/\/friedenstische.mur.at\/wp-content\/uploads\/2021\/04\/Friedensbruecke_1.jpg 1000w, https:\/\/friedenstische.mur.at\/wp-content\/uploads\/2021\/04\/Friedensbruecke_1-300x173.jpg 300w, https:\/\/friedenstische.mur.at\/wp-content\/uploads\/2021\/04\/Friedensbruecke_1-768x442.jpg 768w\" sizes=\"(max-width: 767px) 89vw, (max-width: 1000px) 54vw, (max-width: 1071px) 543px, 580px\" \/><figcaption><span class=\"has-inline-color has-white-color\">Friedensbr\u00fccke<\/span><\/figcaption><\/figure>\n\n\n\n<figure class=\"wp-block-image size-large\"><img loading=\"lazy\" width=\"1000\" height=\"750\" src=\"https:\/\/friedenstische.mur.at\/wp-content\/uploads\/2021\/04\/Friedensbruecke_3.jpg\" alt=\"\" class=\"wp-image-442\" srcset=\"https:\/\/friedenstische.mur.at\/wp-content\/uploads\/2021\/04\/Friedensbruecke_3.jpg 1000w, https:\/\/friedenstische.mur.at\/wp-content\/uploads\/2021\/04\/Friedensbruecke_3-300x225.jpg 300w, https:\/\/friedenstische.mur.at\/wp-content\/uploads\/2021\/04\/Friedensbruecke_3-768x576.jpg 768w\" sizes=\"(max-width: 767px) 89vw, (max-width: 1000px) 54vw, (max-width: 1071px) 543px, 580px\" \/><\/figure>\n\n\n\n<figure class=\"wp-block-image size-large\"><img loading=\"lazy\" width=\"1000\" height=\"750\" src=\"https:\/\/friedenstische.mur.at\/wp-content\/uploads\/2021\/04\/Helden4.jpg\" alt=\"\" class=\"wp-image-438\" srcset=\"https:\/\/friedenstische.mur.at\/wp-content\/uploads\/2021\/04\/Helden4.jpg 1000w, https:\/\/friedenstische.mur.at\/wp-content\/uploads\/2021\/04\/Helden4-300x225.jpg 300w, https:\/\/friedenstische.mur.at\/wp-content\/uploads\/2021\/04\/Helden4-768x576.jpg 768w\" sizes=\"(max-width: 767px) 89vw, (max-width: 1000px) 54vw, (max-width: 1071px) 543px, 580px\" \/><figcaption><span class=\"has-inline-color has-white-color\">Was macht einen Held\/eine Heldin aus?<\/span><\/figcaption><\/figure>\n\n\n\n<figure class=\"wp-block-image size-large\"><img loading=\"lazy\" width=\"1000\" height=\"750\" src=\"https:\/\/friedenstische.mur.at\/wp-content\/uploads\/2021\/04\/Helden7.jpg\" alt=\"\" class=\"wp-image-439\" srcset=\"https:\/\/friedenstische.mur.at\/wp-content\/uploads\/2021\/04\/Helden7.jpg 1000w, https:\/\/friedenstische.mur.at\/wp-content\/uploads\/2021\/04\/Helden7-300x225.jpg 300w, https:\/\/friedenstische.mur.at\/wp-content\/uploads\/2021\/04\/Helden7-768x576.jpg 768w\" sizes=\"(max-width: 767px) 89vw, (max-width: 1000px) 54vw, (max-width: 1071px) 543px, 580px\" \/><\/figure>\n\n\n\n<figure class=\"wp-block-image size-large\"><img loading=\"lazy\" width=\"1000\" height=\"750\" src=\"https:\/\/friedenstische.mur.at\/wp-content\/uploads\/2021\/04\/Friedentaubebunt.jpg\" alt=\"\" class=\"wp-image-440\" srcset=\"https:\/\/friedenstische.mur.at\/wp-content\/uploads\/2021\/04\/Friedentaubebunt.jpg 1000w, https:\/\/friedenstische.mur.at\/wp-content\/uploads\/2021\/04\/Friedentaubebunt-300x225.jpg 300w, https:\/\/friedenstische.mur.at\/wp-content\/uploads\/2021\/04\/Friedentaubebunt-768x576.jpg 768w\" sizes=\"(max-width: 767px) 89vw, (max-width: 1000px) 54vw, (max-width: 1071px) 543px, 580px\" \/><figcaption><span class=\"has-inline-color has-white-color\">Friedenssymbole<\/span><\/figcaption><\/figure>\n\n\n\n<figure class=\"wp-block-image size-large\"><img loading=\"lazy\" width=\"768\" height=\"1024\" src=\"https:\/\/friedenstische.mur.at\/wp-content\/uploads\/2021\/04\/Frieden10-768x1024.jpg\" alt=\"\" class=\"wp-image-443\" srcset=\"https:\/\/friedenstische.mur.at\/wp-content\/uploads\/2021\/04\/Frieden10-768x1024.jpg 768w, https:\/\/friedenstische.mur.at\/wp-content\/uploads\/2021\/04\/Frieden10-225x300.jpg 225w, https:\/\/friedenstische.mur.at\/wp-content\/uploads\/2021\/04\/Frieden10.jpg 1000w\" sizes=\"(max-width: 767px) 89vw, (max-width: 1000px) 54vw, (max-width: 1071px) 543px, 580px\" \/><\/figure>\n\n\n\n<figure class=\"wp-block-image size-large\"><img loading=\"lazy\" width=\"666\" height=\"1024\" src=\"https:\/\/friedenstische.mur.at\/wp-content\/uploads\/2021\/04\/Friedensbrief1-666x1024.jpg\" alt=\"\" class=\"wp-image-441\" srcset=\"https:\/\/friedenstische.mur.at\/wp-content\/uploads\/2021\/04\/Friedensbrief1-666x1024.jpg 666w, https:\/\/friedenstische.mur.at\/wp-content\/uploads\/2021\/04\/Friedensbrief1-195x300.jpg 195w, https:\/\/friedenstische.mur.at\/wp-content\/uploads\/2021\/04\/Friedensbrief1-768x1180.jpg 768w, https:\/\/friedenstische.mur.at\/wp-content\/uploads\/2021\/04\/Friedensbrief1.jpg 1000w\" sizes=\"(max-width: 666px) 100vw, 666px\" \/><figcaption><span class=\"has-inline-color has-white-color\">ein Friedensbrief<\/span><\/figcaption><\/figure>\n\n\n\n<p class=\"has-white-color has-text-color has-background\" style=\"background-color:#a200a3\">Die Ergebnisse des Aktionstages, die Berichte und Ergebnisse der Workshops im September 2020, sowie eigene Erlebnisse mit Kindern und eigene Recherchen, stellen nun die Basis f\u00fcr die derzeit entstehenden Arbeiten der K\u00fcnstlerInnen dar.<\/p>\n<\/div>\n<\/div><\/div>\n","protected":false},"excerpt":{"rendered":"","protected":false},"author":1,"featured_media":0,"parent":0,"menu_order":0,"comment_status":"closed","ping_status":"closed","template":"","meta":{"_themeisle_gutenberg_block_has_review":false},"_links":{"self":[{"href":"https:\/\/friedenstische.mur.at\/index.php\/wp-json\/wp\/v2\/pages\/436"}],"collection":[{"href":"https:\/\/friedenstische.mur.at\/index.php\/wp-json\/wp\/v2\/pages"}],"about":[{"href":"https:\/\/friedenstische.mur.at\/index.php\/wp-json\/wp\/v2\/types\/page"}],"author":[{"embeddable":true,"href":"https:\/\/friedenstische.mur.at\/index.php\/wp-json\/wp\/v2\/users\/1"}],"replies":[{"embeddable":true,"href":"https:\/\/friedenstische.mur.at\/index.php\/wp-json\/wp\/v2\/comments?post=436"}],"version-history":[{"count":8,"href":"https:\/\/friedenstische.mur.at\/index.php\/wp-json\/wp\/v2\/pages\/436\/revisions"}],"predecessor-version":[{"id":459,"href":"https:\/\/friedenstische.mur.at\/index.php\/wp-json\/wp\/v2\/pages\/436\/revisions\/459"}],"wp:attachment":[{"href":"https:\/\/friedenstische.mur.at\/index.php\/wp-json\/wp\/v2\/media?parent=436"}],"curies":[{"name":"wp","href":"https:\/\/api.w.org\/{rel}","templated":true}]}}