{"id":465,"date":"2021-05-15T16:29:31","date_gmt":"2021-05-15T16:29:31","guid":{"rendered":"https:\/\/friedenstische.mur.at\/?page_id=465"},"modified":"2022-10-18T10:48:45","modified_gmt":"2022-10-18T10:48:45","slug":"kunst","status":"publish","type":"page","link":"https:\/\/friedenstische.mur.at\/index.php\/kunst\/","title":{"rendered":"KUNSTWERKE \/ ER\u00d6FFNUNG"},"content":{"rendered":"\n<p class=\"has-white-color has-text-color has-background has-large-font-size\" style=\"background-color:#a200a3\"><strong>FRIEDENSTISCHE ZEICHNEN<\/strong><br><\/p>\n\n\n\n<div id=\"wp-block-themeisle-blocks-advanced-columns-62176657\" class=\"wp-block-themeisle-blocks-advanced-columns has-1-columns has-desktop-equal-layout has-tablet-equal-layout has-mobile-equal-layout has-vertical-unset has-default-gap\"><div class=\"wp-block-themeisle-blocks-advanced-columns-overlay\"><\/div><div class=\"innerblocks-wrap\">\n<div id=\"wp-block-themeisle-blocks-advanced-column-c9c72403\" class=\"wp-block-themeisle-blocks-advanced-column\">\n<figure class=\"wp-container-2 wp-block-gallery-1 wp-block-gallery has-nested-images columns-default is-cropped\">\n<figure class=\"wp-block-image size-large\"><img loading=\"lazy\" width=\"1200\" height=\"1800\" src=\"https:\/\/friedenstische.mur.at\/wp-content\/uploads\/2021\/05\/KJ_BvSP_033_c_Lex_Karelly-2.jpg\" alt=\"\" class=\"wp-image-543\" srcset=\"https:\/\/friedenstische.mur.at\/wp-content\/uploads\/2021\/05\/KJ_BvSP_033_c_Lex_Karelly-2.jpg 1200w, https:\/\/friedenstische.mur.at\/wp-content\/uploads\/2021\/05\/KJ_BvSP_033_c_Lex_Karelly-2-200x300.jpg 200w, https:\/\/friedenstische.mur.at\/wp-content\/uploads\/2021\/05\/KJ_BvSP_033_c_Lex_Karelly-2-683x1024.jpg 683w, https:\/\/friedenstische.mur.at\/wp-content\/uploads\/2021\/05\/KJ_BvSP_033_c_Lex_Karelly-2-768x1152.jpg 768w, https:\/\/friedenstische.mur.at\/wp-content\/uploads\/2021\/05\/KJ_BvSP_033_c_Lex_Karelly-2-1024x1536.jpg 1024w\" sizes=\"(max-width: 767px) 89vw, (max-width: 1000px) 54vw, (max-width: 1071px) 543px, 580px\" \/><\/figure>\n<\/figure>\n<\/div>\n<\/div><\/div>\n\n\n\n<p class=\"has-white-color has-text-color has-background\" style=\"background-color:#a200a3;font-size:10px\">ALLE Fotos: C Lex Karelly<\/p>\n\n\n\n<p class=\"has-white-color has-text-color has-background\" style=\"background-color:#a200a3\">&#8230;. wird am Bertha-von-Suttner-Platz am 28. Mai 2021 durch Stadtrat Dr. Riegler, Stadtrat Mag. Hohensinner, Kulturjahr-Leiter Mag. Mayer, Bezirksvorsteher Mag. Strobl, Volksschuldirektorin Mag. Kaltenb\u00f6ck-Luef und DI Martin Zettel (Stadtplanungsamt), Werner Renner (Malervereinigung) sowie dem Projektteam und den K\u00fcnstlerInnen coronabedingt in einer kleinen Runde er\u00f6ffnet.<\/p>\n\n\n\n<div id=\"wp-block-themeisle-blocks-slider-ceab1c84\" class=\"wp-block-themeisle-blocks-slider glide\" data-per-view=\"1\" data-gap=\"0\" data-peek=\"0\" data-autoplay=\"true\" data-height=\"400px\" data-hide-arrows=\"false\"><div class=\"glide__track\" data-glide-el=\"track\"><div class=\"glide__slides\"><div class=\"wp-block-themeisle-blocks-slider-item-wrapper glide__slide\" tabindex=\"0\"><figure><img class=\"wp-block-themeisle-blocks-slider-item\" src=\"https:\/\/friedenstische.mur.at\/wp-content\/uploads\/2021\/05\/KJ_BvSP_004_c_Lex_Karelly-1-1024x683.jpg\" alt=\"\" title=\"\" data-id=\"558\"\/><\/figure><\/div><div class=\"wp-block-themeisle-blocks-slider-item-wrapper glide__slide\" tabindex=\"0\"><figure><img class=\"wp-block-themeisle-blocks-slider-item\" src=\"https:\/\/friedenstische.mur.at\/wp-content\/uploads\/2021\/05\/KJ_BvSP_021_c_Lex_Karelly-1-1024x683.jpg\" alt=\"\" title=\"\" data-id=\"559\"\/><\/figure><\/div><div class=\"wp-block-themeisle-blocks-slider-item-wrapper glide__slide\" tabindex=\"0\"><figure><img class=\"wp-block-themeisle-blocks-slider-item\" src=\"https:\/\/friedenstische.mur.at\/wp-content\/uploads\/2021\/05\/KJ_BvSP_025_c_Lex_Karelly-1-1024x683.jpg\" alt=\"\" title=\"\" data-id=\"560\"\/><\/figure><\/div><div class=\"wp-block-themeisle-blocks-slider-item-wrapper glide__slide\" tabindex=\"0\"><figure><img class=\"wp-block-themeisle-blocks-slider-item\" src=\"https:\/\/friedenstische.mur.at\/wp-content\/uploads\/2021\/05\/KJ_BvSP_028_c_Lex_Karelly-1-1024x683.jpg\" alt=\"\" title=\"\" data-id=\"561\"\/><\/figure><\/div><\/div><div class=\"glide__bullets\" data-glide-el=\"controls[nav]\"><button class=\"glide__bullet\" data-glide-dir=\"=0\"><\/button><button class=\"glide__bullet\" data-glide-dir=\"=1\"><\/button><button class=\"glide__bullet\" data-glide-dir=\"=2\"><\/button><button class=\"glide__bullet\" data-glide-dir=\"=3\"><\/button><\/div><\/div><\/div>\n\n\n\n<p class=\"has-white-color has-text-color has-background\" style=\"background-color:#a200a3\"><br><\/p>\n\n\n\n<p class=\"has-white-color has-text-color has-background\" style=\"background-color:#a200a3;font-size:10px\"><img loading=\"lazy\" width=\"927\" height=\"467\" class=\"wp-image-468\" style=\"width: 950px;\" src=\"https:\/\/friedenstische.mur.at\/wp-content\/uploads\/2021\/05\/2021_friedenstische_karte2_front.jpg\" alt=\"\" srcset=\"https:\/\/friedenstische.mur.at\/wp-content\/uploads\/2021\/05\/2021_friedenstische_karte2_front.jpg 927w, https:\/\/friedenstische.mur.at\/wp-content\/uploads\/2021\/05\/2021_friedenstische_karte2_front-300x151.jpg 300w, https:\/\/friedenstische.mur.at\/wp-content\/uploads\/2021\/05\/2021_friedenstische_karte2_front-768x387.jpg 768w\" sizes=\"(max-width: 767px) 89vw, (max-width: 1000px) 54vw, (max-width: 1071px) 543px, 580px\" \/><\/p>\n\n\n\n<p class=\"has-white-color has-text-color has-background\" style=\"background-color:#a200a3;font-size:10px\"><strong>Zeichnung:<\/strong> C Edda Strobl<\/p>\n\n\n\n<p class=\"has-white-color has-text-color has-background\" style=\"background-color:#a200a3\">Gibt es Unterschiede zwischen einer Leinwand und einer Tischplatte? Friedvolle Kunst auf Tischen!<br>Ab Samstag, 29. Mai 2021 bis mindestens 31. Dezember 2021 k\u00f6nnen am neugestalteten Bertha-von-Suttner-Platz gro\u00dfformatige Tischzeichnungen der K\u00fcnstlerInnen Johanna Regger, Isa Riedl, Edda Strobl\/Anja Korherr und studio ASYNCHROME in einer OPEN-AIR-Ausstellung im Rahmen von Kulturjahr 2020 besucht werden. Die Kunstwerke nehmen Bezug auf Themen des Friedens im Kleinen und im Gro\u00dfen, die gemeinsam mit den Kindern der VS Sch\u00f6nau erarbeitet wurden.<\/p>\n\n\n\n<p class=\"has-white-color has-text-color has-background\" style=\"background-color:#a200a3\">Bis vor einigen Jahren war der nunmehrige Bertha-von-Suttner-Platz kein Platz im eigentlichen Sinn, sondern nur eine Umkehrschleife der Stra\u00dfenbahn, das Ende der Conrad-von-H\u00f6tzendorf-Stra\u00dfe mit einer Toilettanlage. Mit der (Um)benennung durch den Gemeinderat in Bertha-von-Suttner-Platz gewann der Ort eine positive Setzung.<\/p>\n\n\n\n<p class=\"has-white-color has-text-color has-background\" style=\"background-color:#a200a3\">Allerdings: Die geografische Lage dieser zwei lediglich durch die Ulrich-Lichtenstein-Gasse getrennten Pl\u00e4tze \u2013 Bertha-von-Suttner-Platz und Stadionplatz \u2013 ist eine Herausforderung f\u00fcr die Namensgebung, denn die beiden werden als Einheit wahrgenommen. Was bedeutet es nun, einen Platz, der dem Frieden \u201egeh\u00f6rt\u201c, neben einem Stadionplatz zu haben? Vielleicht nicht viel, denn ein Platz ist ein Platz ist ein Platz. Der ist da, um im Schatten zu sitzen, etwas zu spielen, vielleicht \u2013 wenn Bauernmarkt ist \u2013 einzukaufen, oder sich beim Brunnen abzuk\u00fchlen, einander zu begegnen. Dies alles ist auf diesem Platz m\u00f6glich. Dass der Platz nach einer Friedensnobelpreistr\u00e4gerin benannt ist, gibt dem Ort eine Bedeutung, die er vorher nicht hatte. Einerseits w\u00fcrdigt die Stadt eine herausragende Frau und andererseits zeigt die Stadt Graz dadurch bewu\u00dft und \u00f6ffentlich ihre Verantwortung, die sie in Bezug auf Friedensaufrechterhaltung hat.<\/p>\n\n\n\n<p class=\"has-white-color has-text-color has-background\" style=\"background-color:#a200a3\">Ohne diesen geschaffenen Platz g\u00e4be es kein Projekt.<\/p>\n\n\n\n<p class=\"has-white-color has-text-color has-background\" style=\"background-color:#a200a3\">Auf dem Platz gibt es Tische \u2013 eine Seltenheit, denn Tische im \u00f6ffentlichen Raum sind teuer, sie sind zu pflegen und zu warten. Aber an diesem speziellen Ort sind sie vorhanden und laden ein, einander zu begegnen. Tische sind per se im Gestus einer friedlichen Handlung, denn man l\u00e4sst sich aufeinander ein. Man teilt sich einen Tisch, einen Gedanken, eine Handlung. Tische laden aber auch ein, Geschichten nicht nur daran, sondern auch <strong>darauf<\/strong> zu erz\u00e4hlen, Gedanken auszutauschen. In der Schule, im Wirtshaus, zu Hause, \u00fcberall, wo Menschen sitzen, kommunizieren sie \u2013 mit sich, miteinander \u2013 und kritzeln, zeichnen oder schreiben auf.<\/p>\n\n\n\n<p class=\"has-white-color has-text-color has-background\" style=\"background-color:#a200a3\">Das urspr\u00fcngliche Konzept sah vor, sich mit Kindern an diese Tische zu setzen und gemeinsam mit ihnen zu zeichnen und Ideen auszuarbeiten. Aufgrund der Covid-19 Pandemie war dies nicht m\u00f6glich. Gl\u00fccklicherweise konnten jedoch im Herbst 2020 eine Woche lang Workshops mit den Sch\u00fclerInnen der Volksschule Sch\u00f6nau stattfinden. Mit K\u00fcnstlerInnen, ArchitektInnen, SozialarbeiterInnen und Kinderrechte-ExpertInnen wurden die Themenfelder <em>Kunst im \u00f6ffentlichen Raum, Raumwahrnehmung, <\/em><strong><em>Konfliktl\u00f6sungen und Frieden im \u00f6ffentlichen Raum, friedvolles Zusammenleben <\/em><\/strong><strong><em>generell <\/em><\/strong><strong><em>und <\/em><\/strong><strong><em>in Bezug auf<\/em><\/strong><strong><em> Nachbarschaft<\/em><\/strong><strong><em>en <\/em><\/strong><strong>bearbeitet.<\/strong><strong> <\/strong>Die Ergebnisse der Workshops sowie nachfolgende Kommunikation zwischen K\u00fcnstlerInnen und Kindern im \u201eStille Post\u201c-Verfahren flossen dann direkt in die Tisch-Arbeiten ein.<\/p>\n\n\n\n<p class=\"has-white-color has-text-color has-background\" style=\"background-color:#a200a3\">Die Zeichnungen auf diesen Tischen sind unterschiedlich. <\/p>\n\n\n\n<div id=\"wp-block-themeisle-blocks-slider-d8c4879f\" class=\"wp-block-themeisle-blocks-slider glide\" data-per-view=\"1\" data-gap=\"0\" data-peek=\"0\" data-autoplay=\"true\" data-height=\"400px\" data-hide-arrows=\"false\"><div class=\"glide__track\" data-glide-el=\"track\"><div class=\"glide__slides\"><div class=\"wp-block-themeisle-blocks-slider-item-wrapper glide__slide\" tabindex=\"0\"><figure><img class=\"wp-block-themeisle-blocks-slider-item\" src=\"https:\/\/friedenstische.mur.at\/wp-content\/uploads\/2021\/05\/KJ_BvSP_084_c_Lex_Karelly.jpg\" alt=\"\" title=\"\" data-id=\"515\"\/><\/figure><\/div><div class=\"wp-block-themeisle-blocks-slider-item-wrapper glide__slide\" tabindex=\"0\"><figure><img class=\"wp-block-themeisle-blocks-slider-item\" src=\"https:\/\/friedenstische.mur.at\/wp-content\/uploads\/2021\/05\/KJ_BvSP_070_c_Lex_Karelly.jpg\" alt=\"\" title=\"\" data-id=\"514\"\/><\/figure><\/div><div class=\"wp-block-themeisle-blocks-slider-item-wrapper glide__slide\" tabindex=\"0\"><figure><img class=\"wp-block-themeisle-blocks-slider-item\" src=\"https:\/\/friedenstische.mur.at\/wp-content\/uploads\/2021\/05\/KJ_BvSP_062_c_Lex_Karelly-1.jpg\" alt=\"\" title=\"\" data-id=\"516\"\/><\/figure><\/div><div class=\"wp-block-themeisle-blocks-slider-item-wrapper glide__slide\" tabindex=\"0\"><figure><img class=\"wp-block-themeisle-blocks-slider-item\" src=\"https:\/\/friedenstische.mur.at\/wp-content\/uploads\/2022\/09\/friedenstische-SCREEN-0858.jpg\" alt=\"\" title=\"\" data-id=\"662\"\/><\/figure><\/div><\/div><div class=\"glide__bullets\" data-glide-el=\"controls[nav]\"><button class=\"glide__bullet\" data-glide-dir=\"=0\"><\/button><button class=\"glide__bullet\" data-glide-dir=\"=1\"><\/button><button class=\"glide__bullet\" data-glide-dir=\"=2\"><\/button><button class=\"glide__bullet\" data-glide-dir=\"=3\"><\/button><\/div><\/div><\/div>\n\n\n\n<p class=\"has-white-color has-text-color has-background\" style=\"background-color:#a200a3\">Edda Strobl\/Anja Korherr gehen in ihrer Arbeit von Friedenssymbolen und ihrer Vieldeutigkeit aus. Der Imperativ: \u201eJetzt ist aber einmal ein Frieden!\u201c wird dadurch auch interessant, denn was bedeutet Frieden f\u00fcr den einen und f\u00fcr die andere? Sie nimmt Bezug auf die Notwendigkeit der Absenz von Konflikt um Frieden zu erm\u00f6glichen und die kontinuierliche Ausverhandlung, ohne die keine Friedensaufrechterhaltung m\u00f6glich ist. <\/p>\n\n\n\n<div id=\"wp-block-themeisle-blocks-slider-0c54532e\" class=\"wp-block-themeisle-blocks-slider glide\" data-per-view=\"1\" data-gap=\"0\" data-peek=\"0\" data-autoplay=\"true\" data-height=\"400px\" data-hide-arrows=\"false\"><div class=\"glide__track\" data-glide-el=\"track\"><div class=\"glide__slides\"><div class=\"wp-block-themeisle-blocks-slider-item-wrapper glide__slide\" tabindex=\"0\"><figure><img class=\"wp-block-themeisle-blocks-slider-item\" src=\"https:\/\/friedenstische.mur.at\/wp-content\/uploads\/2021\/05\/KJ_BvSP_076_c_Lex_Karelly.jpg\" alt=\"\" title=\"\" data-id=\"547\"\/><\/figure><\/div><div class=\"wp-block-themeisle-blocks-slider-item-wrapper glide__slide\" tabindex=\"0\"><figure><img class=\"wp-block-themeisle-blocks-slider-item\" src=\"https:\/\/friedenstische.mur.at\/wp-content\/uploads\/2021\/05\/KJ_BvSP_047_c_Lex_Karelly_-2-1024x683.jpg\" alt=\"\" title=\"\" data-id=\"548\"\/><\/figure><\/div><div class=\"wp-block-themeisle-blocks-slider-item-wrapper glide__slide\" tabindex=\"0\"><figure><img class=\"wp-block-themeisle-blocks-slider-item\" src=\"https:\/\/friedenstische.mur.at\/wp-content\/uploads\/2021\/05\/KJ_BvSP_053_c_Lex_Karelly-1-1024x683.jpg\" alt=\"\" title=\"\" data-id=\"549\"\/><\/figure><\/div><div class=\"wp-block-themeisle-blocks-slider-item-wrapper glide__slide\" tabindex=\"0\"><figure><img class=\"wp-block-themeisle-blocks-slider-item\" src=\"https:\/\/friedenstische.mur.at\/wp-content\/uploads\/2021\/05\/KJ_BvSP_079_c_Lex_Karelly-1-1024x575.jpg\" alt=\"\" title=\"\" data-id=\"550\"\/><\/figure><\/div><\/div><div class=\"glide__bullets\" data-glide-el=\"controls[nav]\"><button class=\"glide__bullet\" data-glide-dir=\"=0\"><\/button><button class=\"glide__bullet\" data-glide-dir=\"=1\"><\/button><button class=\"glide__bullet\" data-glide-dir=\"=2\"><\/button><button class=\"glide__bullet\" data-glide-dir=\"=3\"><\/button><\/div><\/div><\/div>\n\n\n\n<p class=\"has-white-color has-text-color has-background\" style=\"background-color:#a200a3\">Auch studio ASYNCHROME besch\u00e4ftigen sich mit dieser immerw\u00e4hrenden Ausverhandlung, ihre Arbeit geht dabei verst\u00e4rkt auf K\u00f6rperhaltungen ein. Die Verschlungenheit der K\u00f6rper, die sich sowohl in friedlicher Manier als auch im Zuge von Auseinandersetzungen sehr nahe kommen, zeigen die Verwobenheit, die eine Gesellschaft ausmacht. Ausgewogenheit von N\u00e4he und Distanz, empathisches Verhalten sind grundlegende Vorraussetzungen f\u00fcr ein gegl\u00fccktes Miteinander.<\/p>\n\n\n\n<div id=\"wp-block-themeisle-blocks-slider-76e21551\" class=\"wp-block-themeisle-blocks-slider glide\" data-per-view=\"1\" data-gap=\"0\" data-peek=\"0\" data-autoplay=\"true\" data-height=\"400px\" data-hide-arrows=\"false\"><div class=\"glide__track\" data-glide-el=\"track\"><div class=\"glide__slides\"><div class=\"wp-block-themeisle-blocks-slider-item-wrapper glide__slide\" tabindex=\"0\"><figure><img class=\"wp-block-themeisle-blocks-slider-item\" src=\"https:\/\/friedenstische.mur.at\/wp-content\/uploads\/2021\/05\/KJ_BvSP_039_c_Lex_Karelly.jpg\" alt=\"\" title=\"\" data-id=\"520\"\/><\/figure><\/div><div class=\"wp-block-themeisle-blocks-slider-item-wrapper glide__slide\" tabindex=\"0\"><figure><img class=\"wp-block-themeisle-blocks-slider-item\" src=\"https:\/\/friedenstische.mur.at\/wp-content\/uploads\/2021\/05\/KJ_BvSP_036_c_Lex_Karelly-1-1024x683.jpg\" alt=\"\" title=\"\" data-id=\"521\"\/><\/figure><\/div><div class=\"wp-block-themeisle-blocks-slider-item-wrapper glide__slide\" tabindex=\"0\"><figure><img class=\"wp-block-themeisle-blocks-slider-item\" src=\"https:\/\/friedenstische.mur.at\/wp-content\/uploads\/2021\/05\/KJ_BvSP_040_c_Lex_Karelly-1024x683.jpg\" alt=\"\" title=\"\" data-id=\"522\"\/><\/figure><\/div><div class=\"wp-block-themeisle-blocks-slider-item-wrapper glide__slide\" tabindex=\"0\"><figure><img class=\"wp-block-themeisle-blocks-slider-item\" src=\"https:\/\/friedenstische.mur.at\/wp-content\/uploads\/2021\/05\/KJ_BvSP_082_c_Lex_Karelly-1024x575.jpg\" alt=\"\" title=\"\" data-id=\"523\"\/><\/figure><\/div><\/div><div class=\"glide__bullets\" data-glide-el=\"controls[nav]\"><button class=\"glide__bullet\" data-glide-dir=\"=0\"><\/button><button class=\"glide__bullet\" data-glide-dir=\"=1\"><\/button><button class=\"glide__bullet\" data-glide-dir=\"=2\"><\/button><button class=\"glide__bullet\" data-glide-dir=\"=3\"><\/button><\/div><\/div><\/div>\n\n\n\n<p class=\"has-white-color has-text-color has-background\" style=\"background-color:#a200a3\">Johanna Reggers Arbeit bezieht sich auf Bertha-von-Suttners Wirken und das allt\u00e4gliche HeldInnen-Sein. Welche Eigenschaften braucht man daf\u00fcr, wo findet man HeldInnen, was tun denn die den ganzen Tag? Aus einer Reihe von R\u00fcckmeldungen der Kinder der Volksschule Sch\u00f6nau entwickelte Regger eine Arbeit, die Orte, Visionen, Zeiten und Menschen ineinander\u00fcberfliessen l\u00e4sst.<\/p>\n\n\n\n<div id=\"wp-block-themeisle-blocks-slider-38ed6b5c\" class=\"wp-block-themeisle-blocks-slider glide\" data-per-view=\"1\" data-gap=\"0\" data-peek=\"0\" data-autoplay=\"true\" data-height=\"400px\" data-hide-arrows=\"false\"><div class=\"glide__track\" data-glide-el=\"track\"><div class=\"glide__slides\"><div class=\"wp-block-themeisle-blocks-slider-item-wrapper glide__slide\" tabindex=\"0\"><figure><img class=\"wp-block-themeisle-blocks-slider-item\" src=\"https:\/\/friedenstische.mur.at\/wp-content\/uploads\/2021\/05\/KJ_BvSP_058_c_Lex_Karelly.jpg\" alt=\"\" title=\"\" data-id=\"524\"\/><\/figure><\/div><div class=\"wp-block-themeisle-blocks-slider-item-wrapper glide__slide\" tabindex=\"0\"><figure><img class=\"wp-block-themeisle-blocks-slider-item\" src=\"https:\/\/friedenstische.mur.at\/wp-content\/uploads\/2021\/05\/KJ_BvSP_088_c_Lex_Karelly-1024x575.jpg\" alt=\"\" title=\"\" data-id=\"525\"\/><\/figure><\/div><div class=\"wp-block-themeisle-blocks-slider-item-wrapper glide__slide\" tabindex=\"0\"><figure><img class=\"wp-block-themeisle-blocks-slider-item\" src=\"https:\/\/friedenstische.mur.at\/wp-content\/uploads\/2021\/05\/KJ_BvSP_054_c_Lex_Karelly-1024x683.jpg\" alt=\"\" title=\"\" data-id=\"551\"\/><\/figure><\/div><div class=\"wp-block-themeisle-blocks-slider-item-wrapper glide__slide\" tabindex=\"0\"><figure><img class=\"wp-block-themeisle-blocks-slider-item\" src=\"https:\/\/friedenstische.mur.at\/wp-content\/uploads\/2021\/05\/KJ_BvSP_087_c_Lex_Karelly-1024x666.jpg\" alt=\"\" title=\"\" data-id=\"552\"\/><\/figure><\/div><\/div><div class=\"glide__bullets\" data-glide-el=\"controls[nav]\"><button class=\"glide__bullet\" data-glide-dir=\"=0\"><\/button><button class=\"glide__bullet\" data-glide-dir=\"=1\"><\/button><button class=\"glide__bullet\" data-glide-dir=\"=2\"><\/button><button class=\"glide__bullet\" data-glide-dir=\"=3\"><\/button><\/div><\/div><\/div>\n\n\n\n<p class=\"has-white-color has-text-color has-background\" style=\"background-color:#a200a3\">Isa Riedls Arbeit geht von der Vorstellung einer paradiesischen Sph\u00e4re aus, die sich in Wolkenformationen ausdr\u00fcckt. Die Gestalt der Wolken basieren auf Kinderzeichnungen und auf Erz\u00e4hlungen von Kindern. Sie dr\u00fccken aus, was notwendig ist um friedvoll miteinander umgehen zu k\u00f6nnen. Die Wolken geben Leichtigkeit und verleiten zu tr\u00e4umen. Die rosarote Wolke\u2026 aber gleichzeitig kennen wir es alle: wenn sich etwas zusammenbraut&#8230;<\/p>\n\n\n\n<p class=\"has-white-color has-text-color has-background\" style=\"background-color:#a200a3\">Ob den Kindern, mit denen wir gearbeitet haben die Tische gefallen? Vielleicht wird sich die eine oder andere Person wiedererkennen, m\u00f6glicherweise ist dies aber auch irrelevant, denn am zentralsten ist es, Kinder auch pr\u00e4sent zu haben, dabei zuhaben bei einer Neugestaltung, die sich an alle Personen einer Gesellschaft richtet.<\/p>\n\n\n\n<p class=\"has-white-color has-text-color has-background\" style=\"background-color:#a200a3\">Wir k\u00f6nnen Frieden nur gemeinsam erschaffen und behalten. Auf den ersten Blick ist es nicht wichtig, wie ein Ort hei\u00dft, aber der Name tut etwas mit uns\u2026 Und es tut etwas, mit wem wir uns an einen Tisch setzen und mit wem wir uns austauschen und wer wie sichtbar ist.<\/p>\n\n\n\n<p class=\"has-white-color has-text-color has-background\" style=\"background-color:#a200a3\"><em>nicole pruckermayr<\/em><\/p>\n\n\n\n<p class=\"has-white-color has-text-color has-background\" style=\"background-color:#e50003\"><strong>FRIEDENSTISCHE ZEICHNEN<\/strong><br><strong>Konzept und kuratorische Begleitung:<\/strong> Nicole Pruckermayr<br><strong>Projektleitung:<\/strong> Katja Hausleitner \/ Kinderb\u00fcro \u2013 Die Lobby f\u00fcr Menschen bis 14<br><strong>K\u00fcnstlerInnen:<\/strong> Johanna Regger, Isa Riedl, Edda Strobl\/Anja Korherr, studio ASYNCHROME<br><strong>Fotos dieser Seite:<\/strong> Lex Karelly <br><strong>Thematische Begleitung:<\/strong> SMZ Liebenau (Carina Batek-Stipacek, Anna Hoffman-Wellenhof, Rebecca Taupe); Maria Fanta und Manuel Girzikowski; Hannes Freiszmuth; Nicole Pruckermayr; Kinderb\u00fcro (Sidonie Koch und Katja Hausleitner)<br><strong>In Kooperation mit Kindern der Volksschule Sch\u00f6nau.<\/strong><br><strong>Dank an:<\/strong> Stadtplanungsamt, Stadtbaudirektion, Kulturamt, Holding Graz, Druckerei Khil, Malervereinigung, Lidl, Malermeisterin Petra Frank, Friedensb\u00fcro, mur.at<\/p>\n\n\n\n<p class=\"has-white-color has-text-color has-background\" style=\"background-color:#e50003\"><strong>FRIEDENSTISCHE ZEICHNEN ist Teil von <\/strong><em>Graz Kulturjahr 2020 <strong>und wurde gef\u00f6rdert von:<\/strong><\/em><\/p>\n\n\n\n<p class=\"has-white-background-color has-background\"><strong><br><\/strong><img src=\"\" style=\"width: undefinedpx;\"> <img loading=\"lazy\" width=\"126\" height=\"104\" class=\"wp-image-72\" style=\"width: 126px;\" src=\"https:\/\/friedenstische.mur.at\/wp-content\/uploads\/2020\/09\/Graz_Kulturjahr_2020_Logo_RGB-e1621498031750.png\" alt=\"\"><img loading=\"lazy\" width=\"177\" height=\"114\" class=\"wp-image-124\" style=\"width: 150px;\" src=\"https:\/\/friedenstische.mur.at\/wp-content\/uploads\/2020\/11\/A9_Kultur_Europa_Sport-2-e1621498075210.png\" alt=\"\"><br><br><\/p>\n\n\n\n<p class=\"has-white-color has-text-color has-background\" style=\"background-color:#e50003\"><strong>Ansprechpartnerin: <\/strong>Kinderb\u00fcro \u2013 Die Lobby f\u00fcr Menschen bis 14<br>Katja Hausleitner (Gesamtprojektleitung)<br>Karmeliterplatz 2\/3, 8010 Graz, \u00d6sterreich<br>T: 0316-90 370 183 E: katja.hausleitner@kinderbuero.at, friedenstische@mur.at<br><a rel=\"noreferrer noopener\" href=\"https:\/\/friedenstische.mur.at\" target=\"_blank\">https:\/\/friedenstische.mur.at<\/a><\/p>\n\n\n\n<figure class=\"wp-block-image size-large\"><img loading=\"lazy\" width=\"1024\" height=\"683\" src=\"https:\/\/friedenstische.mur.at\/wp-content\/uploads\/2021\/05\/KJ_BvSP_068_c_Lex_Karelly-1024x683.jpg\" alt=\"\" class=\"wp-image-554\" srcset=\"https:\/\/friedenstische.mur.at\/wp-content\/uploads\/2021\/05\/KJ_BvSP_068_c_Lex_Karelly-1024x683.jpg 1024w, https:\/\/friedenstische.mur.at\/wp-content\/uploads\/2021\/05\/KJ_BvSP_068_c_Lex_Karelly-300x200.jpg 300w, https:\/\/friedenstische.mur.at\/wp-content\/uploads\/2021\/05\/KJ_BvSP_068_c_Lex_Karelly-768x512.jpg 768w, https:\/\/friedenstische.mur.at\/wp-content\/uploads\/2021\/05\/KJ_BvSP_068_c_Lex_Karelly.jpg 1500w\" sizes=\"(max-width: 767px) 89vw, (max-width: 1000px) 54vw, (max-width: 1071px) 543px, 580px\" \/><\/figure>\n","protected":false},"excerpt":{"rendered":"<p>FRIEDENSTISCHE ZEICHNEN ALLE Fotos: C Lex Karelly &#8230;. wird am Bertha-von-Suttner-Platz am 28. Mai 2021 durch Stadtrat Dr. Riegler, Stadtrat Mag. Hohensinner, Kulturjahr-Leiter Mag. Mayer, Bezirksvorsteher Mag. Strobl, Volksschuldirektorin Mag. Kaltenb\u00f6ck-Luef und DI Martin Zettel (Stadtplanungsamt), Werner Renner (Malervereinigung) sowie dem Projektteam und den K\u00fcnstlerInnen coronabedingt in einer kleinen Runde er\u00f6ffnet. Zeichnung: C Edda Strobl &hellip; <\/p>\n<p class=\"link-more\"><a href=\"https:\/\/friedenstische.mur.at\/index.php\/kunst\/\" class=\"more-link\">Continue reading<span class=\"screen-reader-text\"> &#8222;KUNSTWERKE \/ ER\u00d6FFNUNG&#8220;<\/span><\/a><\/p>\n","protected":false},"author":1,"featured_media":0,"parent":0,"menu_order":0,"comment_status":"closed","ping_status":"closed","template":"","meta":{"_themeisle_gutenberg_block_has_review":false},"_links":{"self":[{"href":"https:\/\/friedenstische.mur.at\/index.php\/wp-json\/wp\/v2\/pages\/465"}],"collection":[{"href":"https:\/\/friedenstische.mur.at\/index.php\/wp-json\/wp\/v2\/pages"}],"about":[{"href":"https:\/\/friedenstische.mur.at\/index.php\/wp-json\/wp\/v2\/types\/page"}],"author":[{"embeddable":true,"href":"https:\/\/friedenstische.mur.at\/index.php\/wp-json\/wp\/v2\/users\/1"}],"replies":[{"embeddable":true,"href":"https:\/\/friedenstische.mur.at\/index.php\/wp-json\/wp\/v2\/comments?post=465"}],"version-history":[{"count":29,"href":"https:\/\/friedenstische.mur.at\/index.php\/wp-json\/wp\/v2\/pages\/465\/revisions"}],"predecessor-version":[{"id":707,"href":"https:\/\/friedenstische.mur.at\/index.php\/wp-json\/wp\/v2\/pages\/465\/revisions\/707"}],"wp:attachment":[{"href":"https:\/\/friedenstische.mur.at\/index.php\/wp-json\/wp\/v2\/media?parent=465"}],"curies":[{"name":"wp","href":"https:\/\/api.w.org\/{rel}","templated":true}]}}