{"id":497,"date":"2021-05-27T18:02:18","date_gmt":"2021-05-27T18:02:18","guid":{"rendered":"https:\/\/friedenstische.mur.at\/?page_id=497"},"modified":"2022-06-07T18:32:25","modified_gmt":"2022-06-07T18:32:25","slug":"friedensplatztag","status":"publish","type":"page","link":"https:\/\/friedenstische.mur.at\/index.php\/friedensplatztag\/","title":{"rendered":"1. FRIEDENSPLATZTAG"},"content":{"rendered":"\n<figure class=\"wp-block-image size-large\"><img loading=\"lazy\" width=\"1024\" height=\"682\" src=\"https:\/\/friedenstische.mur.at\/wp-content\/uploads\/2022\/05\/friedensplatztag_030-1024x682.jpg\" alt=\"\" class=\"wp-image-637\" srcset=\"https:\/\/friedenstische.mur.at\/wp-content\/uploads\/2022\/05\/friedensplatztag_030-1024x682.jpg 1024w, https:\/\/friedenstische.mur.at\/wp-content\/uploads\/2022\/05\/friedensplatztag_030-300x200.jpg 300w, https:\/\/friedenstische.mur.at\/wp-content\/uploads\/2022\/05\/friedensplatztag_030-768x512.jpg 768w, https:\/\/friedenstische.mur.at\/wp-content\/uploads\/2022\/05\/friedensplatztag_030-1536x1024.jpg 1536w, https:\/\/friedenstische.mur.at\/wp-content\/uploads\/2022\/05\/friedensplatztag_030.jpg 2000w\" sizes=\"(max-width: 767px) 89vw, (max-width: 1000px) 54vw, (max-width: 1071px) 543px, 580px\" \/><figcaption>FOTO: Raphael Daum<\/figcaption><\/figure>\n\n\n\n<div class=\"wp-block-themeisle-blocks-advanced-columns has-1-columns has-desktop-equal-layout has-tablet-equal-layout has-mobile-equal-layout has-nogap-gap has-vertical-unset\" id=\"wp-block-themeisle-blocks-advanced-columns-49f8cbe1\"><div class=\"wp-block-themeisle-blocks-advanced-columns-overlay\"><\/div><div class=\"innerblocks-wrap\">\n<div class=\"wp-block-themeisle-blocks-advanced-column\" id=\"wp-block-themeisle-blocks-advanced-column-598b1bfc\">\n<p class=\"has-text-align-center\"><strong>FRIEDENSPLATZTAG<\/strong><strong> AM BERTHA-VON-SUTTNER-PLATZ!<\/strong><\/p>\n\n\n\n<p>Die K\u00fcnstlerin Nicole Pruckermayr und das <em>Kinderb\u00fcro- Die Lobby f\u00fcr Menschen bis 14<\/em> veranstalten gemeinsam anl\u00e4sslich des Tages der Inklusion am 5. Mai 2022 am Bertha-von-Suttner-Platz in Graz einen <strong>FriedensRAP<\/strong> von und mit Manuel Girzikowski und den Sch\u00fcler:innen und Lehrenden der MS Dr. Renner.<\/p>\n<\/div>\n<\/div><\/div>\n\n\n\n<p><\/p>\n\n\n\n<p><\/p>\n\n\n\n<p><strong>Kinder + Kunst + Frieden + \u00f6ffentlicher Raum \u2026 <\/strong>die gemeinschaftsbildende Veranstaltungsreihe besch\u00e4ftigt sich auch mit Quartiersentwicklung und Nachbarschaft.<\/p>\n\n\n\n<p class=\"has-text-align-center\">Donnerstag, 5. 5. 10-12 Uhr Pr\u00e4sentation des <strong>FriedensRAP<\/strong>, den die Sch\u00fcler:innen der MS Dr. Renner vorweg in Workshops entwickelten.<\/p>\n\n\n\n<figure class=\"wp-container-2 wp-block-gallery-1 wp-block-gallery has-nested-images columns-default is-cropped\">\n<figure class=\"wp-block-image size-large\"><img loading=\"lazy\" width=\"682\" height=\"1024\" data-id=\"642\"  src=\"https:\/\/friedenstische.mur.at\/wp-content\/uploads\/2022\/05\/friedensplatztag_016-682x1024.jpg\" alt=\"\" class=\"wp-image-642\" srcset=\"https:\/\/friedenstische.mur.at\/wp-content\/uploads\/2022\/05\/friedensplatztag_016-682x1024.jpg 682w, https:\/\/friedenstische.mur.at\/wp-content\/uploads\/2022\/05\/friedensplatztag_016-200x300.jpg 200w, https:\/\/friedenstische.mur.at\/wp-content\/uploads\/2022\/05\/friedensplatztag_016-768x1152.jpg 768w, https:\/\/friedenstische.mur.at\/wp-content\/uploads\/2022\/05\/friedensplatztag_016-1024x1536.jpg 1024w, https:\/\/friedenstische.mur.at\/wp-content\/uploads\/2022\/05\/friedensplatztag_016.jpg 1333w\" sizes=\"(max-width: 682px) 100vw, 682px\" \/><\/figure>\n\n\n\n<figure class=\"wp-block-image size-large\"><img loading=\"lazy\" width=\"682\" height=\"1024\" data-id=\"641\"  src=\"https:\/\/friedenstische.mur.at\/wp-content\/uploads\/2022\/05\/friedensplatztag_027-1-682x1024.jpg\" alt=\"\" class=\"wp-image-641\" srcset=\"https:\/\/friedenstische.mur.at\/wp-content\/uploads\/2022\/05\/friedensplatztag_027-1-682x1024.jpg 682w, https:\/\/friedenstische.mur.at\/wp-content\/uploads\/2022\/05\/friedensplatztag_027-1-200x300.jpg 200w, https:\/\/friedenstische.mur.at\/wp-content\/uploads\/2022\/05\/friedensplatztag_027-1-768x1152.jpg 768w, https:\/\/friedenstische.mur.at\/wp-content\/uploads\/2022\/05\/friedensplatztag_027-1-1024x1536.jpg 1024w, https:\/\/friedenstische.mur.at\/wp-content\/uploads\/2022\/05\/friedensplatztag_027-1.jpg 1333w\" sizes=\"(max-width: 682px) 100vw, 682px\" \/><\/figure>\n\n\n\n<figure class=\"wp-block-image size-large\"><img loading=\"lazy\" width=\"667\" height=\"1000\" data-id=\"643\"  src=\"https:\/\/friedenstische.mur.at\/wp-content\/uploads\/2022\/05\/friedensplatztag_035_r.jpg\" alt=\"\" class=\"wp-image-643\" srcset=\"https:\/\/friedenstische.mur.at\/wp-content\/uploads\/2022\/05\/friedensplatztag_035_r.jpg 667w, https:\/\/friedenstische.mur.at\/wp-content\/uploads\/2022\/05\/friedensplatztag_035_r-200x300.jpg 200w\" sizes=\"(max-width: 667px) 100vw, 667px\" \/><\/figure>\n<\/figure>\n\n\n\n<figure class=\"wp-block-image size-full\"><img loading=\"lazy\" width=\"1000\" height=\"667\" src=\"https:\/\/friedenstische.mur.at\/wp-content\/uploads\/2022\/05\/friedensplatztag_012_r.jpg\" alt=\"\" class=\"wp-image-650\" srcset=\"https:\/\/friedenstische.mur.at\/wp-content\/uploads\/2022\/05\/friedensplatztag_012_r.jpg 1000w, https:\/\/friedenstische.mur.at\/wp-content\/uploads\/2022\/05\/friedensplatztag_012_r-300x200.jpg 300w, https:\/\/friedenstische.mur.at\/wp-content\/uploads\/2022\/05\/friedensplatztag_012_r-768x512.jpg 768w\" sizes=\"(max-width: 767px) 89vw, (max-width: 1000px) 54vw, (max-width: 1071px) 543px, 580px\" \/><\/figure>\n\n\n\n<p>Der Platz wurde tempor\u00e4r gemeinsam gestaltet.<\/p>\n\n\n\n<figure class=\"wp-container-4 wp-block-gallery-3 wp-block-gallery has-nested-images columns-default is-cropped\">\n<figure class=\"wp-block-image size-large\"><img loading=\"lazy\" width=\"682\" height=\"1024\" data-id=\"644\"  src=\"https:\/\/friedenstische.mur.at\/wp-content\/uploads\/2022\/05\/friedensplatztag_004-682x1024.jpg\" alt=\"\" class=\"wp-image-644\" srcset=\"https:\/\/friedenstische.mur.at\/wp-content\/uploads\/2022\/05\/friedensplatztag_004-682x1024.jpg 682w, https:\/\/friedenstische.mur.at\/wp-content\/uploads\/2022\/05\/friedensplatztag_004-200x300.jpg 200w, https:\/\/friedenstische.mur.at\/wp-content\/uploads\/2022\/05\/friedensplatztag_004-768x1152.jpg 768w, https:\/\/friedenstische.mur.at\/wp-content\/uploads\/2022\/05\/friedensplatztag_004-1024x1536.jpg 1024w, https:\/\/friedenstische.mur.at\/wp-content\/uploads\/2022\/05\/friedensplatztag_004.jpg 1333w\" sizes=\"(max-width: 682px) 100vw, 682px\" \/><\/figure>\n\n\n\n<figure class=\"wp-block-image size-large\"><img loading=\"lazy\" width=\"682\" height=\"1024\" data-id=\"645\"  src=\"https:\/\/friedenstische.mur.at\/wp-content\/uploads\/2022\/05\/friedensplatztag_006-682x1024.jpg\" alt=\"\" class=\"wp-image-645\" srcset=\"https:\/\/friedenstische.mur.at\/wp-content\/uploads\/2022\/05\/friedensplatztag_006-682x1024.jpg 682w, https:\/\/friedenstische.mur.at\/wp-content\/uploads\/2022\/05\/friedensplatztag_006-200x300.jpg 200w, https:\/\/friedenstische.mur.at\/wp-content\/uploads\/2022\/05\/friedensplatztag_006-768x1152.jpg 768w, https:\/\/friedenstische.mur.at\/wp-content\/uploads\/2022\/05\/friedensplatztag_006-1024x1536.jpg 1024w, https:\/\/friedenstische.mur.at\/wp-content\/uploads\/2022\/05\/friedensplatztag_006.jpg 1333w\" sizes=\"(max-width: 682px) 100vw, 682px\" \/><\/figure>\n\n\n\n<figure class=\"wp-block-image size-large\"><img loading=\"lazy\" width=\"682\" height=\"1024\" data-id=\"649\"  src=\"https:\/\/friedenstische.mur.at\/wp-content\/uploads\/2022\/05\/friedensplatztag_010-682x1024.jpg\" alt=\"\" class=\"wp-image-649\" srcset=\"https:\/\/friedenstische.mur.at\/wp-content\/uploads\/2022\/05\/friedensplatztag_010-682x1024.jpg 682w, https:\/\/friedenstische.mur.at\/wp-content\/uploads\/2022\/05\/friedensplatztag_010-200x300.jpg 200w, https:\/\/friedenstische.mur.at\/wp-content\/uploads\/2022\/05\/friedensplatztag_010-768x1152.jpg 768w, https:\/\/friedenstische.mur.at\/wp-content\/uploads\/2022\/05\/friedensplatztag_010-1024x1536.jpg 1024w, https:\/\/friedenstische.mur.at\/wp-content\/uploads\/2022\/05\/friedensplatztag_010.jpg 1333w\" sizes=\"(max-width: 682px) 100vw, 682px\" \/><\/figure>\n\n\n\n<figure class=\"wp-block-image size-large\"><img loading=\"lazy\" width=\"682\" height=\"1024\" data-id=\"646\"  src=\"https:\/\/friedenstische.mur.at\/wp-content\/uploads\/2022\/05\/friedensplatztag_009-682x1024.jpg\" alt=\"\" class=\"wp-image-646\" srcset=\"https:\/\/friedenstische.mur.at\/wp-content\/uploads\/2022\/05\/friedensplatztag_009-682x1024.jpg 682w, https:\/\/friedenstische.mur.at\/wp-content\/uploads\/2022\/05\/friedensplatztag_009-200x300.jpg 200w, https:\/\/friedenstische.mur.at\/wp-content\/uploads\/2022\/05\/friedensplatztag_009-768x1152.jpg 768w, https:\/\/friedenstische.mur.at\/wp-content\/uploads\/2022\/05\/friedensplatztag_009-1024x1536.jpg 1024w, https:\/\/friedenstische.mur.at\/wp-content\/uploads\/2022\/05\/friedensplatztag_009.jpg 1333w\" sizes=\"(max-width: 682px) 100vw, 682px\" \/><\/figure>\n<\/figure>\n\n\n\n<p class=\"has-small-font-size\">FOTOS: (C) Raphael Daum<\/p>\n\n\n\n<p><\/p>\n\n\n\n<p><em>Dieses Projekt wird dankenswerterweise gef\u00f6rdert durch die Stadt Graz Kultur.<\/em> <img loading=\"lazy\" src=\"\" width=\"748\" height=\"11\"><\/p>\n\n\n\n<p><\/p>\n\n\n\n<p><\/p>\n","protected":false},"excerpt":{"rendered":"<p>Kinder + Kunst + Frieden + \u00f6ffentlicher Raum \u2026 die gemeinschaftsbildende Veranstaltungsreihe besch\u00e4ftigt sich auch mit Quartiersentwicklung und Nachbarschaft. Donnerstag, 5. 5. 10-12 Uhr Pr\u00e4sentation des FriedensRAP, den die Sch\u00fcler:innen der MS Dr. Renner vorweg in Workshops entwickelten. Der Platz wurde tempor\u00e4r gemeinsam gestaltet. FOTOS: (C) Raphael Daum Dieses Projekt wird dankenswerterweise gef\u00f6rdert durch die &hellip; <\/p>\n<p class=\"link-more\"><a href=\"https:\/\/friedenstische.mur.at\/index.php\/friedensplatztag\/\" class=\"more-link\">Continue reading<span class=\"screen-reader-text\"> &#8222;1. FRIEDENSPLATZTAG&#8220;<\/span><\/a><\/p>\n","protected":false},"author":1,"featured_media":0,"parent":0,"menu_order":0,"comment_status":"closed","ping_status":"closed","template":"","meta":{"_themeisle_gutenberg_block_has_review":false},"_links":{"self":[{"href":"https:\/\/friedenstische.mur.at\/index.php\/wp-json\/wp\/v2\/pages\/497"}],"collection":[{"href":"https:\/\/friedenstische.mur.at\/index.php\/wp-json\/wp\/v2\/pages"}],"about":[{"href":"https:\/\/friedenstische.mur.at\/index.php\/wp-json\/wp\/v2\/types\/page"}],"author":[{"embeddable":true,"href":"https:\/\/friedenstische.mur.at\/index.php\/wp-json\/wp\/v2\/users\/1"}],"replies":[{"embeddable":true,"href":"https:\/\/friedenstische.mur.at\/index.php\/wp-json\/wp\/v2\/comments?post=497"}],"version-history":[{"count":13,"href":"https:\/\/friedenstische.mur.at\/index.php\/wp-json\/wp\/v2\/pages\/497\/revisions"}],"predecessor-version":[{"id":659,"href":"https:\/\/friedenstische.mur.at\/index.php\/wp-json\/wp\/v2\/pages\/497\/revisions\/659"}],"wp:attachment":[{"href":"https:\/\/friedenstische.mur.at\/index.php\/wp-json\/wp\/v2\/media?parent=497"}],"curies":[{"name":"wp","href":"https:\/\/api.w.org\/{rel}","templated":true}]}}