{"id":661,"date":"2022-09-06T08:20:56","date_gmt":"2022-09-06T08:20:56","guid":{"rendered":"https:\/\/friedenstische.mur.at\/?page_id=661"},"modified":"2022-10-18T11:03:09","modified_gmt":"2022-10-18T11:03:09","slug":"2-friedensplatztag","status":"publish","type":"page","link":"https:\/\/friedenstische.mur.at\/index.php\/2-friedensplatztag\/","title":{"rendered":"2. FRIEDENSPLATZTAG"},"content":{"rendered":"\n<div id=\"wp-block-themeisle-blocks-advanced-columns-5eb29139\" class=\"wp-block-themeisle-blocks-advanced-columns has-1-columns has-desktop-equal-layout has-tablet-equal-layout has-mobile-equal-layout has-vertical-unset has-default-gap\"><div class=\"wp-block-themeisle-blocks-advanced-columns-overlay\"><\/div><div class=\"innerblocks-wrap\">\n<div id=\"wp-block-themeisle-blocks-advanced-column-12352017\" class=\"wp-block-themeisle-blocks-advanced-column\">\n<figure class=\"wp-block-image\"><img src=\"https:\/\/friedenstische.mur.at\/wp-content\/uploads\/2022\/10\/20220921_Raphael-Daum_005_W-1.jpg\" alt=\"\"\/><\/figure>\n\n\n\n<p class=\"has-small-font-size\">FOTO:<em> \u00a9 <\/em>Raphael Daum<\/p>\n\n\n\n<p class=\"has-text-align-left\">Die K\u00fcnstlerin Nicole Pruckermayr, das <a href=\"https:\/\/kinderbuero.at\/\"><em>Kinderb\u00fcro- Die Lobby f\u00fcr Menschen bis 14<\/em> <\/a>veranstalten gemeinsam in Kooperation mit der Akademie Graz anl\u00e4sslich des Weltfriedenstages am Bertha-von-Suttner-Platz in Graz einen FRIEDENSPLATZTAG von und mit der Performerin Christina Lederhaas und den Sch\u00fcler:innen und Lehrenden der MS Dr. Renner.<\/p>\n\n\n\n<p><\/p>\n\n\n\n<p class=\"has-large-font-size\"><strong>FRIEDEN to GO a<\/strong><span class=\"highlight\"><strong>m Weltfriedenstag<\/strong><\/span> <span class=\"highlight\"><strong>  <\/strong><\/span><\/p>\n\n\n\n<p>In verschiedenen Workshops wurden vorweg unterschiedliche Formate  entwickelt und von den Sch\u00fclerinnen und Sch\u00fclern gezeichnet.<\/p>\n\n\n\n<figure class=\"wp-container-2 wp-block-gallery-1 wp-block-gallery has-nested-images columns-default is-cropped\">\n<figure class=\"wp-block-image size-large\"><img loading=\"lazy\" width=\"683\" height=\"1024\" src=\"https:\/\/friedenstische.mur.at\/wp-content\/uploads\/2022\/10\/20220921_Raphael-Daum_001_W-683x1024.jpg\" alt=\"\" class=\"wp-image-690\" srcset=\"https:\/\/friedenstische.mur.at\/wp-content\/uploads\/2022\/10\/20220921_Raphael-Daum_001_W-683x1024.jpg 683w, https:\/\/friedenstische.mur.at\/wp-content\/uploads\/2022\/10\/20220921_Raphael-Daum_001_W-200x300.jpg 200w, https:\/\/friedenstische.mur.at\/wp-content\/uploads\/2022\/10\/20220921_Raphael-Daum_001_W-768x1152.jpg 768w, https:\/\/friedenstische.mur.at\/wp-content\/uploads\/2022\/10\/20220921_Raphael-Daum_001_W.jpg 1000w\" sizes=\"(max-width: 683px) 100vw, 683px\" \/><\/figure>\n<\/figure>\n\n\n\n<figure class=\"wp-block-image size-large\"><img loading=\"lazy\" width=\"1024\" height=\"683\" src=\"https:\/\/friedenstische.mur.at\/wp-content\/uploads\/2022\/10\/20220921_Raphael-Daum_011_w-1024x683.jpg\" alt=\"\" class=\"wp-image-691\" srcset=\"https:\/\/friedenstische.mur.at\/wp-content\/uploads\/2022\/10\/20220921_Raphael-Daum_011_w-1024x683.jpg 1024w, https:\/\/friedenstische.mur.at\/wp-content\/uploads\/2022\/10\/20220921_Raphael-Daum_011_w-300x200.jpg 300w, https:\/\/friedenstische.mur.at\/wp-content\/uploads\/2022\/10\/20220921_Raphael-Daum_011_w-768x512.jpg 768w, https:\/\/friedenstische.mur.at\/wp-content\/uploads\/2022\/10\/20220921_Raphael-Daum_011_w-1536x1024.jpg 1536w, https:\/\/friedenstische.mur.at\/wp-content\/uploads\/2022\/10\/20220921_Raphael-Daum_011_w-2048x1365.jpg 2048w\" sizes=\"(max-width: 767px) 89vw, (max-width: 1000px) 54vw, (max-width: 1071px) 543px, 580px\" \/><\/figure>\n\n\n\n<p class=\"has-small-font-size\">FOTO:<em> \u00a9 <\/em>Raphael Daum<\/p>\n\n\n\n<figure class=\"wp-block-image size-large\"><img loading=\"lazy\" width=\"683\" height=\"1024\" src=\"https:\/\/friedenstische.mur.at\/wp-content\/uploads\/2022\/10\/20220921_Raphael-Daum_030_w-683x1024.jpg\" alt=\"\" class=\"wp-image-695\" srcset=\"https:\/\/friedenstische.mur.at\/wp-content\/uploads\/2022\/10\/20220921_Raphael-Daum_030_w-683x1024.jpg 683w, https:\/\/friedenstische.mur.at\/wp-content\/uploads\/2022\/10\/20220921_Raphael-Daum_030_w-200x300.jpg 200w, https:\/\/friedenstische.mur.at\/wp-content\/uploads\/2022\/10\/20220921_Raphael-Daum_030_w-768x1152.jpg 768w, https:\/\/friedenstische.mur.at\/wp-content\/uploads\/2022\/10\/20220921_Raphael-Daum_030_w-1024x1536.jpg 1024w, https:\/\/friedenstische.mur.at\/wp-content\/uploads\/2022\/10\/20220921_Raphael-Daum_030_w-1365x2048.jpg 1365w, https:\/\/friedenstische.mur.at\/wp-content\/uploads\/2022\/10\/20220921_Raphael-Daum_030_w-scaled.jpg 1707w\" sizes=\"(max-width: 683px) 100vw, 683px\" \/><\/figure>\n\n\n\n<p class=\"has-small-font-size\">FOTO:<em> \u00a9 <\/em>Raphael Daum<\/p>\n\n\n\n<p class=\"has-large-font-size\"><strong>Performance \u201eein bisschen liegen bleiben\u201c von und mit der Performancek\u00fcnstlerin Christina Lederhaas mit Kindern der MS Dr. Renner Graz<\/strong><\/p>\n\n\n\n<p><strong><strong>\u201e<\/strong>ein bisschen liegen bleiben&#8220; besch\u00e4ftigt sich mit Orten am Bertha-von-Suttner-Platz, an denen Leute gerne verweilen, sitzend, liegend, h\u00e4ngend, stehend, sich versteckend. Welche Bewegungen zwischen den Leuten passieren, werden wir sehen, wenn wir gemeinsam ein bisschen liegen bleiben. <\/strong><\/p>\n\n\n\n<figure class=\"wp-block-image size-large\"><img loading=\"lazy\" width=\"1024\" height=\"683\" src=\"https:\/\/friedenstische.mur.at\/wp-content\/uploads\/2022\/10\/20220921_Raphael-Daum_010_W-1024x683.jpg\" alt=\"\" class=\"wp-image-703\" srcset=\"https:\/\/friedenstische.mur.at\/wp-content\/uploads\/2022\/10\/20220921_Raphael-Daum_010_W-1024x683.jpg 1024w, https:\/\/friedenstische.mur.at\/wp-content\/uploads\/2022\/10\/20220921_Raphael-Daum_010_W-300x200.jpg 300w, https:\/\/friedenstische.mur.at\/wp-content\/uploads\/2022\/10\/20220921_Raphael-Daum_010_W-768x512.jpg 768w, https:\/\/friedenstische.mur.at\/wp-content\/uploads\/2022\/10\/20220921_Raphael-Daum_010_W-1536x1024.jpg 1536w, https:\/\/friedenstische.mur.at\/wp-content\/uploads\/2022\/10\/20220921_Raphael-Daum_010_W-2048x1365.jpg 2048w\" sizes=\"(max-width: 767px) 89vw, (max-width: 1000px) 54vw, (max-width: 1071px) 543px, 580px\" \/><\/figure>\n\n\n\n<figure class=\"wp-block-image\"><img src=\"https:\/\/friedenstische.mur.at\/wp-content\/uploads\/2022\/10\/20220921_Raphael-Daum_016_W.jpg\" alt=\"\"\/><figcaption>FOTOS: <em> \u00a9 <\/em>Raphael Daum<\/figcaption><\/figure>\n\n\n\n<p>Christina Lederhaas, Performancek\u00fcnstlerin aus Graz, h\u00e4lt gern die Zeit an und blickt mit neuen Augen in ihr gegen\u00fcber. <a href=\"https:\/\/clederhaas.wordpress.com\">https:\/\/clederhaas.wordpress.com<\/a><\/p>\n\n\n\n<p><\/p>\n\n\n\n<p class=\"has-medium-font-size\"><strong>EINDR\u00dcCKE VOM PLATZ<\/strong><\/p>\n\n\n\n<figure class=\"wp-block-image size-large\"><img loading=\"lazy\" width=\"1024\" height=\"683\" src=\"https:\/\/friedenstische.mur.at\/wp-content\/uploads\/2022\/10\/20220921_Raphael-Daum_021_w-1024x683.jpg\" alt=\"\" class=\"wp-image-692\" srcset=\"https:\/\/friedenstische.mur.at\/wp-content\/uploads\/2022\/10\/20220921_Raphael-Daum_021_w-1024x683.jpg 1024w, https:\/\/friedenstische.mur.at\/wp-content\/uploads\/2022\/10\/20220921_Raphael-Daum_021_w-300x200.jpg 300w, https:\/\/friedenstische.mur.at\/wp-content\/uploads\/2022\/10\/20220921_Raphael-Daum_021_w-768x512.jpg 768w, https:\/\/friedenstische.mur.at\/wp-content\/uploads\/2022\/10\/20220921_Raphael-Daum_021_w-1536x1024.jpg 1536w, https:\/\/friedenstische.mur.at\/wp-content\/uploads\/2022\/10\/20220921_Raphael-Daum_021_w-2048x1365.jpg 2048w\" sizes=\"(max-width: 767px) 89vw, (max-width: 1000px) 54vw, (max-width: 1071px) 543px, 580px\" \/><\/figure>\n\n\n\n<p class=\"has-small-font-size\">FOTO: <em> \u00a9 <\/em>Raphael Daum<\/p>\n\n\n\n<figure class=\"wp-block-image size-large\"><img loading=\"lazy\" width=\"1024\" height=\"683\" src=\"https:\/\/friedenstische.mur.at\/wp-content\/uploads\/2022\/10\/20220921_Raphael-Daum_025_W-1024x683.jpg\" alt=\"\" class=\"wp-image-696\" srcset=\"https:\/\/friedenstische.mur.at\/wp-content\/uploads\/2022\/10\/20220921_Raphael-Daum_025_W-1024x683.jpg 1024w, https:\/\/friedenstische.mur.at\/wp-content\/uploads\/2022\/10\/20220921_Raphael-Daum_025_W-300x200.jpg 300w, https:\/\/friedenstische.mur.at\/wp-content\/uploads\/2022\/10\/20220921_Raphael-Daum_025_W-768x512.jpg 768w, https:\/\/friedenstische.mur.at\/wp-content\/uploads\/2022\/10\/20220921_Raphael-Daum_025_W-1536x1024.jpg 1536w, https:\/\/friedenstische.mur.at\/wp-content\/uploads\/2022\/10\/20220921_Raphael-Daum_025_W-2048x1365.jpg 2048w\" sizes=\"(max-width: 767px) 89vw, (max-width: 1000px) 54vw, (max-width: 1071px) 543px, 580px\" \/><\/figure>\n\n\n\n<p class=\"has-small-font-size\">FOTO: <em> \u00a9 <\/em>Raphael Daum<\/p>\n\n\n\n<p><\/p>\n\n\n\n<p>Eine Veranstaltung im Rahmen der <a href=\"https:\/\/kinderbuero.at\/akademie\/\">Kinderrechteakademie des Kinderb\u00fcros<\/a> in Kooperation mit Nicole Pruckermayr und <em><a href=\"https:\/\/www.akademie-graz.at\">Akademie Graz<\/a><\/em><\/p>\n\n\n\n<p><em>Mit freundlicher Unterst\u00fctzung der Stadt Graz Kultur!<\/em><\/p>\n<\/div>\n<\/div><\/div>\n","protected":false},"excerpt":{"rendered":"","protected":false},"author":1,"featured_media":0,"parent":0,"menu_order":0,"comment_status":"closed","ping_status":"closed","template":"","meta":{"_themeisle_gutenberg_block_has_review":false},"_links":{"self":[{"href":"https:\/\/friedenstische.mur.at\/index.php\/wp-json\/wp\/v2\/pages\/661"}],"collection":[{"href":"https:\/\/friedenstische.mur.at\/index.php\/wp-json\/wp\/v2\/pages"}],"about":[{"href":"https:\/\/friedenstische.mur.at\/index.php\/wp-json\/wp\/v2\/types\/page"}],"author":[{"embeddable":true,"href":"https:\/\/friedenstische.mur.at\/index.php\/wp-json\/wp\/v2\/users\/1"}],"replies":[{"embeddable":true,"href":"https:\/\/friedenstische.mur.at\/index.php\/wp-json\/wp\/v2\/comments?post=661"}],"version-history":[{"count":22,"href":"https:\/\/friedenstische.mur.at\/index.php\/wp-json\/wp\/v2\/pages\/661\/revisions"}],"predecessor-version":[{"id":712,"href":"https:\/\/friedenstische.mur.at\/index.php\/wp-json\/wp\/v2\/pages\/661\/revisions\/712"}],"wp:attachment":[{"href":"https:\/\/friedenstische.mur.at\/index.php\/wp-json\/wp\/v2\/media?parent=661"}],"curies":[{"name":"wp","href":"https:\/\/api.w.org\/{rel}","templated":true}]}}